{"id":1151,"date":"2025-12-20T11:43:06","date_gmt":"2025-12-20T11:43:06","guid":{"rendered":"https:\/\/go.dualbridgesacademy.org\/?page_id=1151"},"modified":"2026-02-06T18:58:17","modified_gmt":"2026-02-06T18:58:17","slug":"privacy-policy","status":"publish","type":"page","link":"https:\/\/go.dualbridgesacademy.org\/sp\/privacy-policy\/","title":{"rendered":"Pol\u00edtica de privacidad"},"content":{"rendered":"<div data-elementor-type=\"wp-page\" data-elementor-id=\"1151\" class=\"elementor elementor-1151\">\n\t\t\t\t<div class=\"elementor-element elementor-element-49e7816 e-flex e-con-boxed e-con e-parent\" data-id=\"49e7816\" data-element_type=\"container\" data-settings=\"{&quot;background_background&quot;:&quot;classic&quot;}\">\n\t\t\t\t\t<div class=\"e-con-inner\">\n\t\t\t\t<div class=\"elementor-element elementor-element-834913e elementor-widget elementor-widget-heading\" data-id=\"834913e\" data-element_type=\"widget\" data-widget_type=\"heading.default\">\n\t\t\t\t<div class=\"elementor-widget-container\">\n\t\t\t\t\t<h2 class=\"elementor-heading-title elementor-size-default\">Pol\u00edtica de Privacidad Actualizada (Espa\u00f1ol)<\/h2>\t\t\t\t<\/div>\n\t\t\t\t<\/div>\n\t\t\t\t<div class=\"elementor-element elementor-element-acfba65 elementor-widget elementor-widget-text-editor\" data-id=\"acfba65\" data-element_type=\"widget\" data-widget_type=\"text-editor.default\">\n\t\t\t\t<div class=\"elementor-widget-container\">\n\t\t\t\t\t\t\t\t\t<p><b>\u00daltima actualizaci\u00f3n:<\/b> <i><span style=\"font-weight: 400;\">12\/10\/2025<\/span><\/i><\/p><p><b>Dual Bridges Academy (\u201cnosotros\u201d, \u201cnuestra\u201d o \u201cla Escuela\u201d)<\/b><span style=\"font-weight: 400;\"> est\u00e1 comprometida con proteger la privacidad de familias, estudiantes y visitantes que interact\u00faan con nuestro sitio web, procesos de admisi\u00f3n y programas de mensajes. Esta Pol\u00edtica de Privacidad explica c\u00f3mo recopilamos, usamos, compartimos y protegemos informaci\u00f3n personal, incluyendo el uso de SMS (mensajes de texto).<\/span><\/p>\t\t\t\t\t\t\t\t<\/div>\n\t\t\t\t<\/div>\n\t\t\t\t<div class=\"elementor-element elementor-element-7f258b3 elementor-widget-divider--view-line elementor-widget elementor-widget-divider\" data-id=\"7f258b3\" data-element_type=\"widget\" data-widget_type=\"divider.default\">\n\t\t\t\t<div class=\"elementor-widget-container\">\n\t\t\t\t\t\t\t<div class=\"elementor-divider\">\n\t\t\t<span class=\"elementor-divider-separator\">\n\t\t\t\t\t\t<\/span>\n\t\t<\/div>\n\t\t\t\t\t\t<\/div>\n\t\t\t\t<\/div>\n\t\t\t\t<div class=\"elementor-element elementor-element-1e267c8 elementor-widget elementor-widget-text-editor\" data-id=\"1e267c8\" data-element_type=\"widget\" data-widget_type=\"text-editor.default\">\n\t\t\t\t<div class=\"elementor-widget-container\">\n\t\t\t\t\t\t\t\t\t<h3><b>1. Informaci\u00f3n que Recopilamos<\/b><\/h3><p><span style=\"font-weight: 400;\">Recopilamos informaci\u00f3n personal que usted nos proporciona voluntariamente, como:<\/span><\/p><ul><li style=\"font-weight: 400;\" aria-level=\"1\"><span style=\"font-weight: 400;\">Nombre<\/span><\/li><li style=\"font-weight: 400;\" aria-level=\"1\"><span style=\"font-weight: 400;\">Correo electr\u00f3nico<\/span><\/li><li style=\"font-weight: 400;\" aria-level=\"1\"><span style=\"font-weight: 400;\">N\u00famero de tel\u00e9fono<\/span><\/li><li style=\"font-weight: 400;\" aria-level=\"1\"><span style=\"font-weight: 400;\">Pa\u00eds de residencia<\/span><\/li><li style=\"font-weight: 400;\" aria-level=\"1\"><span style=\"font-weight: 400;\">Nombre del estudiante e informaci\u00f3n de admisi\u00f3n<\/span><\/li><\/ul><p><span style=\"font-weight: 400;\">Tambi\u00e9n recopilamos autom\u00e1ticamente informaci\u00f3n t\u00e9cnica y de uso (por ejemplo, direcci\u00f3n IP, tipo de navegador, p\u00e1ginas visitadas).<\/span><\/p>\t\t\t\t\t\t\t\t<\/div>\n\t\t\t\t<\/div>\n\t\t\t\t<div class=\"elementor-element elementor-element-9d45c2e elementor-widget-divider--view-line elementor-widget elementor-widget-divider\" data-id=\"9d45c2e\" data-element_type=\"widget\" data-widget_type=\"divider.default\">\n\t\t\t\t<div class=\"elementor-widget-container\">\n\t\t\t\t\t\t\t<div class=\"elementor-divider\">\n\t\t\t<span class=\"elementor-divider-separator\">\n\t\t\t\t\t\t<\/span>\n\t\t<\/div>\n\t\t\t\t\t\t<\/div>\n\t\t\t\t<\/div>\n\t\t\t\t<div class=\"elementor-element elementor-element-4ef533d elementor-widget elementor-widget-text-editor\" data-id=\"4ef533d\" data-element_type=\"widget\" data-widget_type=\"text-editor.default\">\n\t\t\t\t<div class=\"elementor-widget-container\">\n\t\t\t\t\t\t\t\t\t<h3><b>2. C\u00f3mo Usamos la Informaci\u00f3n Personal<\/b><\/h3><p><span style=\"font-weight: 400;\">Usamos su informaci\u00f3n personal para fines como:<\/span><\/p><ul><li style=\"font-weight: 400;\" aria-level=\"1\"><span style=\"font-weight: 400;\">Responder consultas<\/span><\/li><li style=\"font-weight: 400;\" aria-level=\"1\"><span style=\"font-weight: 400;\">Comunicarnos sobre admisiones, eventos y matr\u00edcula<\/span><\/li><li style=\"font-weight: 400;\" aria-level=\"1\"><span style=\"font-weight: 400;\">Evaluar solicitudes<\/span><\/li><li style=\"font-weight: 400;\" aria-level=\"1\"><span style=\"font-weight: 400;\">Mejorar la funcionalidad del sitio web<\/span><\/li><li style=\"font-weight: 400;\" aria-level=\"1\"><span style=\"font-weight: 400;\">Cumplir obligaciones legales<\/span><\/li><\/ul><h5><b>Uso de SMS\/Mensajes de Texto<\/b><\/h5><p><span style=\"font-weight: 400;\">Si proporciona su n\u00famero de tel\u00e9fono y su consentimiento, podemos usarlo para enviar:<\/span><\/p><ul><li style=\"font-weight: 400;\" aria-level=\"1\"><span style=\"font-weight: 400;\">Mensajes transaccionales (por ejemplo, actualizaciones de admisiones, recordatorios de programas)<\/span><\/li><li style=\"font-weight: 400;\" aria-level=\"1\"><span style=\"font-weight: 400;\">Mensajes de marketing y promocionales (con consentimiento)<\/span><\/li><\/ul><p><span style=\"font-weight: 400;\">Al proporcionar su n\u00famero de tel\u00e9fono, usted <\/span><b>acepta recibir mensajes autom\u00e1ticos por SMS<\/b><span style=\"font-weight: 400;\"> de Dual Bridges Academy. <\/span><b>La frecuencia de los mensajes puede variar. Pueden aplicarse tarifas de mensajes y datos. Responda HELP para ayuda o STOP para darse de baja en cualquier momento.<\/b><\/p>\t\t\t\t\t\t\t\t<\/div>\n\t\t\t\t<\/div>\n\t\t\t\t<div class=\"elementor-element elementor-element-213200b elementor-widget-divider--view-line elementor-widget elementor-widget-divider\" data-id=\"213200b\" data-element_type=\"widget\" data-widget_type=\"divider.default\">\n\t\t\t\t<div class=\"elementor-widget-container\">\n\t\t\t\t\t\t\t<div class=\"elementor-divider\">\n\t\t\t<span class=\"elementor-divider-separator\">\n\t\t\t\t\t\t<\/span>\n\t\t<\/div>\n\t\t\t\t\t\t<\/div>\n\t\t\t\t<\/div>\n\t\t\t\t<div class=\"elementor-element elementor-element-889e11d elementor-widget elementor-widget-text-editor\" data-id=\"889e11d\" data-element_type=\"widget\" data-widget_type=\"text-editor.default\">\n\t\t\t\t<div class=\"elementor-widget-container\">\n\t\t\t\t\t\t\t\t\t<h3><b>3. Cancelaci\u00f3n del SMS y Retiro de Consentimiento<\/b><\/h3><p><span style=\"font-weight: 400;\">Puede darse de baja de los mensajes de marketing o promocionales en cualquier momento respondiendo <\/span><b>STOP<\/b><span style=\"font-weight: 400;\">. Despu\u00e9s de darse de baja, a\u00fan podemos enviarle mensajes transaccionales.<\/span><\/p>\t\t\t\t\t\t\t\t<\/div>\n\t\t\t\t<\/div>\n\t\t\t\t<div class=\"elementor-element elementor-element-e1936f8 elementor-widget-divider--view-line elementor-widget elementor-widget-divider\" data-id=\"e1936f8\" data-element_type=\"widget\" data-widget_type=\"divider.default\">\n\t\t\t\t<div class=\"elementor-widget-container\">\n\t\t\t\t\t\t\t<div class=\"elementor-divider\">\n\t\t\t<span class=\"elementor-divider-separator\">\n\t\t\t\t\t\t<\/span>\n\t\t<\/div>\n\t\t\t\t\t\t<\/div>\n\t\t\t\t<\/div>\n\t\t\t\t<div class=\"elementor-element elementor-element-cdd3ba2 elementor-widget elementor-widget-text-editor\" data-id=\"cdd3ba2\" data-element_type=\"widget\" data-widget_type=\"text-editor.default\">\n\t\t\t\t<div class=\"elementor-widget-container\">\n\t\t\t\t\t\t\t\t\t<h3><b>4. Compartir Informaci\u00f3n y Terceros<\/b><\/h3><p><span style=\"font-weight: 400;\">Podemos compartir su informaci\u00f3n con proveedores de servicios que apoyan nuestras operaciones (por ejemplo, CRM, plataformas de correo, proveedores de mensajes).<\/span><span style=\"font-weight: 400;\"><br \/><\/span><b>No vendemos, rentamos ni compartimos su n\u00famero de tel\u00e9fono m\u00f3vil ni los datos de consentimiento de SMS con terceros o afiliados con fines de marketing o promoci\u00f3n.<\/b><\/p>\t\t\t\t\t\t\t\t<\/div>\n\t\t\t\t<\/div>\n\t\t\t\t<div class=\"elementor-element elementor-element-ae13e3c elementor-widget-divider--view-line elementor-widget elementor-widget-divider\" data-id=\"ae13e3c\" data-element_type=\"widget\" data-widget_type=\"divider.default\">\n\t\t\t\t<div class=\"elementor-widget-container\">\n\t\t\t\t\t\t\t<div class=\"elementor-divider\">\n\t\t\t<span class=\"elementor-divider-separator\">\n\t\t\t\t\t\t<\/span>\n\t\t<\/div>\n\t\t\t\t\t\t<\/div>\n\t\t\t\t<\/div>\n\t\t\t\t<div class=\"elementor-element elementor-element-2aee528 elementor-widget elementor-widget-text-editor\" data-id=\"2aee528\" data-element_type=\"widget\" data-widget_type=\"text-editor.default\">\n\t\t\t\t<div class=\"elementor-widget-container\">\n\t\t\t\t\t\t\t\t\t<h3><b>5. Cookies y Seguimiento<\/b><\/h3><p><span style=\"font-weight: 400;\">Usamos cookies y tecnolog\u00edas de seguimiento para analizar el uso del sitio y mejorar la experiencia del usuario.<\/span><\/p>\t\t\t\t\t\t\t\t<\/div>\n\t\t\t\t<\/div>\n\t\t\t\t<div class=\"elementor-element elementor-element-28a43ed elementor-widget-divider--view-line elementor-widget elementor-widget-divider\" data-id=\"28a43ed\" data-element_type=\"widget\" data-widget_type=\"divider.default\">\n\t\t\t\t<div class=\"elementor-widget-container\">\n\t\t\t\t\t\t\t<div class=\"elementor-divider\">\n\t\t\t<span class=\"elementor-divider-separator\">\n\t\t\t\t\t\t<\/span>\n\t\t<\/div>\n\t\t\t\t\t\t<\/div>\n\t\t\t\t<\/div>\n\t\t\t\t<div class=\"elementor-element elementor-element-f78b485 elementor-widget elementor-widget-text-editor\" data-id=\"f78b485\" data-element_type=\"widget\" data-widget_type=\"text-editor.default\">\n\t\t\t\t<div class=\"elementor-widget-container\">\n\t\t\t\t\t\t\t\t\t<h3><b>6. Privacidad de Menores<\/b><\/h3><p><span style=\"font-weight: 400;\">No recopilamos deliberadamente informaci\u00f3n personal de menores de 13 a\u00f1os sin consentimiento parental verificado.<\/span><\/p>\t\t\t\t\t\t\t\t<\/div>\n\t\t\t\t<\/div>\n\t\t\t\t<div class=\"elementor-element elementor-element-1b93131 elementor-widget-divider--view-line elementor-widget elementor-widget-divider\" data-id=\"1b93131\" data-element_type=\"widget\" data-widget_type=\"divider.default\">\n\t\t\t\t<div class=\"elementor-widget-container\">\n\t\t\t\t\t\t\t<div class=\"elementor-divider\">\n\t\t\t<span class=\"elementor-divider-separator\">\n\t\t\t\t\t\t<\/span>\n\t\t<\/div>\n\t\t\t\t\t\t<\/div>\n\t\t\t\t<\/div>\n\t\t\t\t<div class=\"elementor-element elementor-element-9a646a3 elementor-widget elementor-widget-text-editor\" data-id=\"9a646a3\" data-element_type=\"widget\" data-widget_type=\"text-editor.default\">\n\t\t\t\t<div class=\"elementor-widget-container\">\n\t\t\t\t\t\t\t\t\t<h3><b>7. Usuarios Internacionales<\/b><\/h3><p><span style=\"font-weight: 400;\">Si se encuentra fuera de los Estados Unidos, su informaci\u00f3n puede ser transferida y procesada en los EE. UU.<\/span><\/p>\t\t\t\t\t\t\t\t<\/div>\n\t\t\t\t<\/div>\n\t\t\t\t<div class=\"elementor-element elementor-element-2df0e81 elementor-widget-divider--view-line elementor-widget elementor-widget-divider\" data-id=\"2df0e81\" data-element_type=\"widget\" data-widget_type=\"divider.default\">\n\t\t\t\t<div class=\"elementor-widget-container\">\n\t\t\t\t\t\t\t<div class=\"elementor-divider\">\n\t\t\t<span class=\"elementor-divider-separator\">\n\t\t\t\t\t\t<\/span>\n\t\t<\/div>\n\t\t\t\t\t\t<\/div>\n\t\t\t\t<\/div>\n\t\t\t\t<div class=\"elementor-element elementor-element-1491da0 elementor-widget elementor-widget-text-editor\" data-id=\"1491da0\" data-element_type=\"widget\" data-widget_type=\"text-editor.default\">\n\t\t\t\t<div class=\"elementor-widget-container\">\n\t\t\t\t\t\t\t\t\t<h3><b>8. Seguridad de Datos<\/b><\/h3><p><span style=\"font-weight: 400;\">Usamos salvaguardas administrativas, t\u00e9cnicas y f\u00edsicas razonables para proteger su informaci\u00f3n.<\/span><\/p>\t\t\t\t\t\t\t\t<\/div>\n\t\t\t\t<\/div>\n\t\t\t\t<div class=\"elementor-element elementor-element-d1f198a elementor-widget-divider--view-line elementor-widget elementor-widget-divider\" data-id=\"d1f198a\" data-element_type=\"widget\" data-widget_type=\"divider.default\">\n\t\t\t\t<div class=\"elementor-widget-container\">\n\t\t\t\t\t\t\t<div class=\"elementor-divider\">\n\t\t\t<span class=\"elementor-divider-separator\">\n\t\t\t\t\t\t<\/span>\n\t\t<\/div>\n\t\t\t\t\t\t<\/div>\n\t\t\t\t<\/div>\n\t\t\t\t<div class=\"elementor-element elementor-element-ffbe985 elementor-widget elementor-widget-text-editor\" data-id=\"ffbe985\" data-element_type=\"widget\" data-widget_type=\"text-editor.default\">\n\t\t\t\t<div class=\"elementor-widget-container\">\n\t\t\t\t\t\t\t\t\t<h3><b>9. Derechos de los Usuarios<\/b><\/h3><p><span style=\"font-weight: 400;\">Dependiendo de su jurisdicci\u00f3n, puede tener derechos para acceder, corregir o eliminar su informaci\u00f3n personal. Tambi\u00e9n puede retirar el consentimiento contact\u00e1ndonos.<\/span><\/p>\t\t\t\t\t\t\t\t<\/div>\n\t\t\t\t<\/div>\n\t\t\t\t<div class=\"elementor-element elementor-element-6f3ef2b elementor-widget-divider--view-line elementor-widget elementor-widget-divider\" data-id=\"6f3ef2b\" data-element_type=\"widget\" data-widget_type=\"divider.default\">\n\t\t\t\t<div class=\"elementor-widget-container\">\n\t\t\t\t\t\t\t<div class=\"elementor-divider\">\n\t\t\t<span class=\"elementor-divider-separator\">\n\t\t\t\t\t\t<\/span>\n\t\t<\/div>\n\t\t\t\t\t\t<\/div>\n\t\t\t\t<\/div>\n\t\t\t\t<div class=\"elementor-element elementor-element-415dee3 elementor-widget elementor-widget-text-editor\" data-id=\"415dee3\" data-element_type=\"widget\" data-widget_type=\"text-editor.default\">\n\t\t\t\t<div class=\"elementor-widget-container\">\n\t\t\t\t\t\t\t\t\t<h3><b>10. Cambios a Esta Pol\u00edtica<\/b><\/h3><p><span style=\"font-weight: 400;\">Podemos actualizar esta Pol\u00edtica de Privacidad; la fecha de la revisi\u00f3n aparecer\u00e1 al principio.<\/span><\/p>\t\t\t\t\t\t\t\t<\/div>\n\t\t\t\t<\/div>\n\t\t\t\t<div class=\"elementor-element elementor-element-3e9bfcd elementor-widget-divider--view-line elementor-widget elementor-widget-divider\" data-id=\"3e9bfcd\" data-element_type=\"widget\" data-widget_type=\"divider.default\">\n\t\t\t\t<div class=\"elementor-widget-container\">\n\t\t\t\t\t\t\t<div class=\"elementor-divider\">\n\t\t\t<span class=\"elementor-divider-separator\">\n\t\t\t\t\t\t<\/span>\n\t\t<\/div>\n\t\t\t\t\t\t<\/div>\n\t\t\t\t<\/div>\n\t\t\t\t<div class=\"elementor-element elementor-element-3f1678d elementor-widget elementor-widget-text-editor\" data-id=\"3f1678d\" data-element_type=\"widget\" data-widget_type=\"text-editor.default\">\n\t\t\t\t<div class=\"elementor-widget-container\">\n\t\t\t\t\t\t\t\t\t<h3><b>11. Contacto<\/b><\/h3><p><span style=\"font-weight: 400;\">Para preguntas o solicitudes de privacidad:<\/span><span style=\"font-weight: 400;\"><br \/><\/span><b>Dual Bridges Academy \u2013 info@dualbridgesacademy.org<\/b><\/p>\t\t\t\t\t\t\t\t<\/div>\n\t\t\t\t<\/div>\n\t\t\t\t\t<\/div>\n\t\t\t\t<\/div>\n\t\t\t\t<\/div>","protected":false},"excerpt":{"rendered":"<p>Dual Bridges Academy \u2013 Privacy Policy Last Updated: 12\/10\/2025 Dual Bridges Academy (\u201cwe,\u201d \u201cour,\u201d or \u201cthe School\u201d) is committed to protecting the privacy of families, students, and visitors who interact with our website, admissions processes, and messaging programs. This Privacy Policy explains how we collect, use, share, and protect personal information, including SMS (text message) [&hellip;]<\/p>","protected":false},"author":1,"featured_media":0,"parent":0,"menu_order":0,"comment_status":"closed","ping_status":"closed","template":"elementor_header_footer","meta":{"site-sidebar-layout":"no-sidebar","site-content-layout":"page-builder","ast-site-content-layout":"full-width-container","site-content-style":"default","site-sidebar-style":"default","ast-global-header-display":"","ast-banner-title-visibility":"","ast-main-header-display":"","ast-hfb-above-header-display":"","ast-hfb-below-header-display":"","ast-hfb-mobile-header-display":"","site-post-title":"","ast-breadcrumbs-content":"","ast-featured-img":"disabled","footer-sml-layout":"","ast-disable-related-posts":"","theme-transparent-header-meta":"","adv-header-id-meta":"","stick-header-meta":"","header-above-stick-meta":"","header-main-stick-meta":"","header-below-stick-meta":"","astra-migrate-meta-layouts":"set","ast-page-background-enabled":"default","ast-page-background-meta":{"desktop":{"background-color":"","background-image":"","background-repeat":"repeat","background-position":"center center","background-size":"auto","background-attachment":"scroll","background-type":"","background-media":"","overlay-type":"","overlay-color":"","overlay-opacity":"","overlay-gradient":""},"tablet":{"background-color":"","background-image":"","background-repeat":"repeat","background-position":"center center","background-size":"auto","background-attachment":"scroll","background-type":"","background-media":"","overlay-type":"","overlay-color":"","overlay-opacity":"","overlay-gradient":""},"mobile":{"background-color":"","background-image":"","background-repeat":"repeat","background-position":"center center","background-size":"auto","background-attachment":"scroll","background-type":"","background-media":"","overlay-type":"","overlay-color":"","overlay-opacity":"","overlay-gradient":""}},"ast-content-background-meta":{"desktop":{"background-color":"var(--ast-global-color-5)","background-image":"","background-repeat":"repeat","background-position":"center center","background-size":"auto","background-attachment":"scroll","background-type":"","background-media":"","overlay-type":"","overlay-color":"","overlay-opacity":"","overlay-gradient":""},"tablet":{"background-color":"var(--ast-global-color-5)","background-image":"","background-repeat":"repeat","background-position":"center center","background-size":"auto","background-attachment":"scroll","background-type":"","background-media":"","overlay-type":"","overlay-color":"","overlay-opacity":"","overlay-gradient":""},"mobile":{"background-color":"var(--ast-global-color-5)","background-image":"","background-repeat":"repeat","background-position":"center center","background-size":"auto","background-attachment":"scroll","background-type":"","background-media":"","overlay-type":"","overlay-color":"","overlay-opacity":"","overlay-gradient":""}},"footnotes":""},"class_list":["post-1151","page","type-page","status-publish","hentry"],"_links":{"self":[{"href":"https:\/\/go.dualbridgesacademy.org\/sp\/wp-json\/wp\/v2\/pages\/1151","targetHints":{"allow":["GET"]}}],"collection":[{"href":"https:\/\/go.dualbridgesacademy.org\/sp\/wp-json\/wp\/v2\/pages"}],"about":[{"href":"https:\/\/go.dualbridgesacademy.org\/sp\/wp-json\/wp\/v2\/types\/page"}],"author":[{"embeddable":true,"href":"https:\/\/go.dualbridgesacademy.org\/sp\/wp-json\/wp\/v2\/users\/1"}],"replies":[{"embeddable":true,"href":"https:\/\/go.dualbridgesacademy.org\/sp\/wp-json\/wp\/v2\/comments?post=1151"}],"version-history":[{"count":10,"href":"https:\/\/go.dualbridgesacademy.org\/sp\/wp-json\/wp\/v2\/pages\/1151\/revisions"}],"predecessor-version":[{"id":1703,"href":"https:\/\/go.dualbridgesacademy.org\/sp\/wp-json\/wp\/v2\/pages\/1151\/revisions\/1703"}],"wp:attachment":[{"href":"https:\/\/go.dualbridgesacademy.org\/sp\/wp-json\/wp\/v2\/media?parent=1151"}],"curies":[{"name":"wp","href":"https:\/\/api.w.org\/{rel}","templated":true}]}}