{"id":1706,"date":"2026-02-10T17:46:53","date_gmt":"2026-02-10T17:46:53","guid":{"rendered":"https:\/\/go.dualbridgesacademy.org\/?page_id=1706"},"modified":"2026-02-10T18:25:51","modified_gmt":"2026-02-10T18:25:51","slug":"terms-of-service","status":"publish","type":"page","link":"https:\/\/go.dualbridgesacademy.org\/sp\/terms-of-service\/","title":{"rendered":"T\u00e9rminos de Servicio"},"content":{"rendered":"<div data-elementor-type=\"wp-page\" data-elementor-id=\"1706\" class=\"elementor elementor-1706\">\n\t\t\t\t<div class=\"elementor-element elementor-element-49e7816 e-flex e-con-boxed e-con e-parent\" data-id=\"49e7816\" data-element_type=\"container\" data-settings=\"{&quot;background_background&quot;:&quot;classic&quot;}\">\n\t\t\t\t\t<div class=\"e-con-inner\">\n\t\t\t\t<div class=\"elementor-element elementor-element-834913e elementor-widget elementor-widget-heading\" data-id=\"834913e\" data-element_type=\"widget\" data-widget_type=\"heading.default\">\n\t\t\t\t<div class=\"elementor-widget-container\">\n\t\t\t\t\t<h2 class=\"elementor-heading-title elementor-size-default\">T\u00e9rminos de Servicio<\/h2>\t\t\t\t<\/div>\n\t\t\t\t<\/div>\n\t\t\t\t<div class=\"elementor-element elementor-element-acfba65 elementor-widget elementor-widget-text-editor\" data-id=\"acfba65\" data-element_type=\"widget\" data-widget_type=\"text-editor.default\">\n\t\t\t\t<div class=\"elementor-widget-container\">\n\t\t\t\t\t\t\t\t\t<p><b>\u00daltima actualizaci\u00f3n:<\/b> <i><span style=\"font-weight: 400;\">02\/10\/2026<\/span><\/i><\/p><p><span style=\"font-weight: 400;\">Bienvenido a Dual Bridges Academy (\u201cnosotros\u201d, \u201cnuestra\u201d o \u201cla Escuela\u201d). Al acceder o utilizar nuestro sitio web, servicios, formularios o programas de mensajer\u00eda, usted acepta estos T\u00e9rminos de Servicio (\u201cT\u00e9rminos\u201d). Si no est\u00e1 de acuerdo, no utilice nuestros servicios.<\/span><\/p>\t\t\t\t\t\t\t\t<\/div>\n\t\t\t\t<\/div>\n\t\t\t\t<div class=\"elementor-element elementor-element-7f258b3 elementor-widget-divider--view-line elementor-widget elementor-widget-divider\" data-id=\"7f258b3\" data-element_type=\"widget\" data-widget_type=\"divider.default\">\n\t\t\t\t<div class=\"elementor-widget-container\">\n\t\t\t\t\t\t\t<div class=\"elementor-divider\">\n\t\t\t<span class=\"elementor-divider-separator\">\n\t\t\t\t\t\t<\/span>\n\t\t<\/div>\n\t\t\t\t\t\t<\/div>\n\t\t\t\t<\/div>\n\t\t\t\t<div class=\"elementor-element elementor-element-1e267c8 elementor-widget elementor-widget-text-editor\" data-id=\"1e267c8\" data-element_type=\"widget\" data-widget_type=\"text-editor.default\">\n\t\t\t\t<div class=\"elementor-widget-container\">\n\t\t\t\t\t\t\t\t\t<h3><b>1. Servicios<\/b><\/h3><p><span style=\"font-weight: 400;\">Dual Bridges Academy proporciona informaci\u00f3n educativa, servicios de admisi\u00f3n, apoyo de inscripci\u00f3n y comunicaciones relacionadas con la escuela.<\/span><\/p>\t\t\t\t\t\t\t\t<\/div>\n\t\t\t\t<\/div>\n\t\t\t\t<div class=\"elementor-element elementor-element-9d45c2e elementor-widget-divider--view-line elementor-widget elementor-widget-divider\" data-id=\"9d45c2e\" data-element_type=\"widget\" data-widget_type=\"divider.default\">\n\t\t\t\t<div class=\"elementor-widget-container\">\n\t\t\t\t\t\t\t<div class=\"elementor-divider\">\n\t\t\t<span class=\"elementor-divider-separator\">\n\t\t\t\t\t\t<\/span>\n\t\t<\/div>\n\t\t\t\t\t\t<\/div>\n\t\t\t\t<\/div>\n\t\t\t\t<div class=\"elementor-element elementor-element-4ef533d elementor-widget elementor-widget-text-editor\" data-id=\"4ef533d\" data-element_type=\"widget\" data-widget_type=\"text-editor.default\">\n\t\t\t\t<div class=\"elementor-widget-container\">\n\t\t\t\t\t\t\t\t\t<h3><b>2. Responsabilidades del Usuario<\/b><\/h3><p><span style=\"font-weight: 400;\">Usted acepta:<\/span><\/p><ul><li style=\"font-weight: 400;\" aria-level=\"1\"><span style=\"font-weight: 400;\">Proporcionar informaci\u00f3n veraz y precisa<\/span><\/li><li style=\"font-weight: 400;\" aria-level=\"1\"><span style=\"font-weight: 400;\">Usar nuestros servicios solo para fines legales<\/span><\/li><li style=\"font-weight: 400;\" aria-level=\"1\"><span style=\"font-weight: 400;\">No intentar interferir ni abusar de nuestros sistemas<\/span><\/li><\/ul><p><span style=\"font-weight: 400;\">No puede usar nuestros servicios para spam, acoso, fraude o actividades abusivas.<\/span><\/p>\t\t\t\t\t\t\t\t<\/div>\n\t\t\t\t<\/div>\n\t\t\t\t<div class=\"elementor-element elementor-element-213200b elementor-widget-divider--view-line elementor-widget elementor-widget-divider\" data-id=\"213200b\" data-element_type=\"widget\" data-widget_type=\"divider.default\">\n\t\t\t\t<div class=\"elementor-widget-container\">\n\t\t\t\t\t\t\t<div class=\"elementor-divider\">\n\t\t\t<span class=\"elementor-divider-separator\">\n\t\t\t\t\t\t<\/span>\n\t\t<\/div>\n\t\t\t\t\t\t<\/div>\n\t\t\t\t<\/div>\n\t\t\t\t<div class=\"elementor-element elementor-element-889e11d elementor-widget elementor-widget-text-editor\" data-id=\"889e11d\" data-element_type=\"widget\" data-widget_type=\"text-editor.default\">\n\t\t\t\t<div class=\"elementor-widget-container\">\n\t\t\t\t\t\t\t\t\t<h3><b>3. Programa de Mensajes SMS<\/b><\/h3><p><span style=\"font-weight: 400;\">Al proporcionar su n\u00famero de tel\u00e9fono y enviar un formulario, usted consiente recibir mensajes de texto de Dual Bridges Academy, que pueden incluir:<\/span><\/p><ul><li style=\"font-weight: 400;\" aria-level=\"1\"><span style=\"font-weight: 400;\">Mensajes transaccionales (actualizaciones de admisi\u00f3n, recordatorios, confirmaciones)<\/span><\/li><li style=\"font-weight: 400;\" aria-level=\"1\"><span style=\"font-weight: 400;\">Mensajes de marketing y promocionales (con consentimiento)<\/span><\/li><\/ul><p><b>La frecuencia de los mensajes puede variar. Pueden aplicarse tarifas de mensajes y datos.<\/b><\/p><p><span style=\"font-weight: 400;\">Puede darse de baja en cualquier momento respondiendo STOP.<\/span><span style=\"font-weight: 400;\"><br \/><\/span><span style=\"font-weight: 400;\">Para ayuda, responda <\/span><b>HELP<\/b><span style=\"font-weight: 400;\"> o escr\u00edbanos a info@dualbridgesacademy.org.<\/span><\/p><p><span style=\"font-weight: 400;\">El consentimiento para recibir mensajes SMS no es una condici\u00f3n para compra o inscripci\u00f3n.<\/span><\/p>\t\t\t\t\t\t\t\t<\/div>\n\t\t\t\t<\/div>\n\t\t\t\t<div class=\"elementor-element elementor-element-e1936f8 elementor-widget-divider--view-line elementor-widget elementor-widget-divider\" data-id=\"e1936f8\" data-element_type=\"widget\" data-widget_type=\"divider.default\">\n\t\t\t\t<div class=\"elementor-widget-container\">\n\t\t\t\t\t\t\t<div class=\"elementor-divider\">\n\t\t\t<span class=\"elementor-divider-separator\">\n\t\t\t\t\t\t<\/span>\n\t\t<\/div>\n\t\t\t\t\t\t<\/div>\n\t\t\t\t<\/div>\n\t\t\t\t<div class=\"elementor-element elementor-element-cdd3ba2 elementor-widget elementor-widget-text-editor\" data-id=\"cdd3ba2\" data-element_type=\"widget\" data-widget_type=\"text-editor.default\">\n\t\t\t\t<div class=\"elementor-widget-container\">\n\t\t\t\t\t\t\t\t\t<h3><b>4. Cancelaci\u00f3n y Cambios<\/b><\/h3><p><span style=\"font-weight: 400;\">Puede retirar su consentimiento en cualquier momento. Tras darse de baja, dejar\u00e1 de recibir mensajes promocionales, aunque a\u00fan podremos enviar mensajes transaccionales esenciales.<\/span><\/p><p><span style=\"font-weight: 400;\">Podemos modificar o cancelar el programa de mensajer\u00eda en cualquier momento.<\/span><\/p>\t\t\t\t\t\t\t\t<\/div>\n\t\t\t\t<\/div>\n\t\t\t\t<div class=\"elementor-element elementor-element-ae13e3c elementor-widget-divider--view-line elementor-widget elementor-widget-divider\" data-id=\"ae13e3c\" data-element_type=\"widget\" data-widget_type=\"divider.default\">\n\t\t\t\t<div class=\"elementor-widget-container\">\n\t\t\t\t\t\t\t<div class=\"elementor-divider\">\n\t\t\t<span class=\"elementor-divider-separator\">\n\t\t\t\t\t\t<\/span>\n\t\t<\/div>\n\t\t\t\t\t\t<\/div>\n\t\t\t\t<\/div>\n\t\t\t\t<div class=\"elementor-element elementor-element-2aee528 elementor-widget elementor-widget-text-editor\" data-id=\"2aee528\" data-element_type=\"widget\" data-widget_type=\"text-editor.default\">\n\t\t\t\t<div class=\"elementor-widget-container\">\n\t\t\t\t\t\t\t\t\t<h3><b>5. Privacidad<\/b><\/h3><p><span style=\"font-weight: 400;\">Su uso de nuestros servicios tambi\u00e9n est\u00e1 regido por nuestra Pol\u00edtica de Privacidad.<\/span><\/p>\t\t\t\t\t\t\t\t<\/div>\n\t\t\t\t<\/div>\n\t\t\t\t<div class=\"elementor-element elementor-element-28a43ed elementor-widget-divider--view-line elementor-widget elementor-widget-divider\" data-id=\"28a43ed\" data-element_type=\"widget\" data-widget_type=\"divider.default\">\n\t\t\t\t<div class=\"elementor-widget-container\">\n\t\t\t\t\t\t\t<div class=\"elementor-divider\">\n\t\t\t<span class=\"elementor-divider-separator\">\n\t\t\t\t\t\t<\/span>\n\t\t<\/div>\n\t\t\t\t\t\t<\/div>\n\t\t\t\t<\/div>\n\t\t\t\t<div class=\"elementor-element elementor-element-f78b485 elementor-widget elementor-widget-text-editor\" data-id=\"f78b485\" data-element_type=\"widget\" data-widget_type=\"text-editor.default\">\n\t\t\t\t<div class=\"elementor-widget-container\">\n\t\t\t\t\t\t\t\t\t<h3><b>6. Propiedad Intelectual<\/b><\/h3><p><span style=\"font-weight: 400;\">Todo el contenido del sitio es propiedad de Dual Bridges Academy o se usa con licencia y no puede reproducirse sin permiso.<\/span><\/p>\t\t\t\t\t\t\t\t<\/div>\n\t\t\t\t<\/div>\n\t\t\t\t<div class=\"elementor-element elementor-element-1b93131 elementor-widget-divider--view-line elementor-widget elementor-widget-divider\" data-id=\"1b93131\" data-element_type=\"widget\" data-widget_type=\"divider.default\">\n\t\t\t\t<div class=\"elementor-widget-container\">\n\t\t\t\t\t\t\t<div class=\"elementor-divider\">\n\t\t\t<span class=\"elementor-divider-separator\">\n\t\t\t\t\t\t<\/span>\n\t\t<\/div>\n\t\t\t\t\t\t<\/div>\n\t\t\t\t<\/div>\n\t\t\t\t<div class=\"elementor-element elementor-element-9a646a3 elementor-widget elementor-widget-text-editor\" data-id=\"9a646a3\" data-element_type=\"widget\" data-widget_type=\"text-editor.default\">\n\t\t\t\t<div class=\"elementor-widget-container\">\n\t\t\t\t\t\t\t\t\t<h3><b>7. Servicios de Terceros<\/b><\/h3><p><span style=\"font-weight: 400;\">Podemos utilizar proveedores externos para operar nuestros servicios. No somos responsables por servicios de terceros.<\/span><\/p>\t\t\t\t\t\t\t\t<\/div>\n\t\t\t\t<\/div>\n\t\t\t\t<div class=\"elementor-element elementor-element-2df0e81 elementor-widget-divider--view-line elementor-widget elementor-widget-divider\" data-id=\"2df0e81\" data-element_type=\"widget\" data-widget_type=\"divider.default\">\n\t\t\t\t<div class=\"elementor-widget-container\">\n\t\t\t\t\t\t\t<div class=\"elementor-divider\">\n\t\t\t<span class=\"elementor-divider-separator\">\n\t\t\t\t\t\t<\/span>\n\t\t<\/div>\n\t\t\t\t\t\t<\/div>\n\t\t\t\t<\/div>\n\t\t\t\t<div class=\"elementor-element elementor-element-1491da0 elementor-widget elementor-widget-text-editor\" data-id=\"1491da0\" data-element_type=\"widget\" data-widget_type=\"text-editor.default\">\n\t\t\t\t<div class=\"elementor-widget-container\">\n\t\t\t\t\t\t\t\t\t<h3><b>8. Exenci\u00f3n de Garant\u00edas<\/b><\/h3><p><span style=\"font-weight: 400;\">Los servicios se proporcionan \u201ctal cual\u201d y \u201cseg\u00fan disponibilidad\u201d.<\/span><\/p>\t\t\t\t\t\t\t\t<\/div>\n\t\t\t\t<\/div>\n\t\t\t\t<div class=\"elementor-element elementor-element-d1f198a elementor-widget-divider--view-line elementor-widget elementor-widget-divider\" data-id=\"d1f198a\" data-element_type=\"widget\" data-widget_type=\"divider.default\">\n\t\t\t\t<div class=\"elementor-widget-container\">\n\t\t\t\t\t\t\t<div class=\"elementor-divider\">\n\t\t\t<span class=\"elementor-divider-separator\">\n\t\t\t\t\t\t<\/span>\n\t\t<\/div>\n\t\t\t\t\t\t<\/div>\n\t\t\t\t<\/div>\n\t\t\t\t<div class=\"elementor-element elementor-element-ffbe985 elementor-widget elementor-widget-text-editor\" data-id=\"ffbe985\" data-element_type=\"widget\" data-widget_type=\"text-editor.default\">\n\t\t\t\t<div class=\"elementor-widget-container\">\n\t\t\t\t\t\t\t\t\t<h3><b>9. Limitaci\u00f3n de Responsabilidad<\/b><\/h3><p><span style=\"font-weight: 400;\">En la medida permitida por la ley, Dual Bridges Academy no ser\u00e1 responsable por da\u00f1os indirectos o consecuentes.<\/span><\/p>\t\t\t\t\t\t\t\t<\/div>\n\t\t\t\t<\/div>\n\t\t\t\t<div class=\"elementor-element elementor-element-6f3ef2b elementor-widget-divider--view-line elementor-widget elementor-widget-divider\" data-id=\"6f3ef2b\" data-element_type=\"widget\" data-widget_type=\"divider.default\">\n\t\t\t\t<div class=\"elementor-widget-container\">\n\t\t\t\t\t\t\t<div class=\"elementor-divider\">\n\t\t\t<span class=\"elementor-divider-separator\">\n\t\t\t\t\t\t<\/span>\n\t\t<\/div>\n\t\t\t\t\t\t<\/div>\n\t\t\t\t<\/div>\n\t\t\t\t<div class=\"elementor-element elementor-element-415dee3 elementor-widget elementor-widget-text-editor\" data-id=\"415dee3\" data-element_type=\"widget\" data-widget_type=\"text-editor.default\">\n\t\t\t\t<div class=\"elementor-widget-container\">\n\t\t\t\t\t\t\t\t\t<h3><b>10. Cambios a los T\u00e9rminos<\/b><\/h3><p><span style=\"font-weight: 400;\">Podemos actualizar estos T\u00e9rminos en cualquier momento.<\/span><\/p>\t\t\t\t\t\t\t\t<\/div>\n\t\t\t\t<\/div>\n\t\t\t\t<div class=\"elementor-element elementor-element-3e9bfcd elementor-widget-divider--view-line elementor-widget elementor-widget-divider\" data-id=\"3e9bfcd\" data-element_type=\"widget\" data-widget_type=\"divider.default\">\n\t\t\t\t<div class=\"elementor-widget-container\">\n\t\t\t\t\t\t\t<div class=\"elementor-divider\">\n\t\t\t<span class=\"elementor-divider-separator\">\n\t\t\t\t\t\t<\/span>\n\t\t<\/div>\n\t\t\t\t\t\t<\/div>\n\t\t\t\t<\/div>\n\t\t\t\t<div class=\"elementor-element elementor-element-3f1678d elementor-widget elementor-widget-text-editor\" data-id=\"3f1678d\" data-element_type=\"widget\" data-widget_type=\"text-editor.default\">\n\t\t\t\t<div class=\"elementor-widget-container\">\n\t\t\t\t\t\t\t\t\t<h3><b>11. Contacto<\/b><\/h3><p><span style=\"font-weight: 400;\">Dual Bridges Academy<\/span><span style=\"font-weight: 400;\"><br \/><\/span><span style=\"font-weight: 400;\">Correo electr\u00f3nico: info@dualbridgesacademy.org<\/span><\/p>\t\t\t\t\t\t\t\t<\/div>\n\t\t\t\t<\/div>\n\t\t\t\t\t<\/div>\n\t\t\t\t<\/div>\n\t\t\t\t<\/div>","protected":false},"excerpt":{"rendered":"<p>Terms of Service Last Updated: 02\/10\/2026 Welcome to Dual Bridges Academy (\u201cwe,\u201d \u201cus,\u201d \u201cour,\u201d or \u201cthe School\u201d). By accessing or using our website, services, forms, or messaging programs, you agree to be bound by these Terms of Service (\u201cTerms\u201d). If you do not agree, please do not use our services. 1. Services Dual Bridges Academy [&hellip;]<\/p>","protected":false},"author":1,"featured_media":0,"parent":0,"menu_order":0,"comment_status":"closed","ping_status":"closed","template":"elementor_header_footer","meta":{"site-sidebar-layout":"no-sidebar","site-content-layout":"page-builder","ast-site-content-layout":"full-width-container","site-content-style":"default","site-sidebar-style":"default","ast-global-header-display":"","ast-banner-title-visibility":"","ast-main-header-display":"","ast-hfb-above-header-display":"","ast-hfb-below-header-display":"","ast-hfb-mobile-header-display":"","site-post-title":"","ast-breadcrumbs-content":"","ast-featured-img":"disabled","footer-sml-layout":"","ast-disable-related-posts":"","theme-transparent-header-meta":"","adv-header-id-meta":"","stick-header-meta":"","header-above-stick-meta":"","header-main-stick-meta":"","header-below-stick-meta":"","astra-migrate-meta-layouts":"set","ast-page-background-enabled":"default","ast-page-background-meta":{"desktop":{"background-color":"","background-image":"","background-repeat":"repeat","background-position":"center center","background-size":"auto","background-attachment":"scroll","background-type":"","background-media":"","overlay-type":"","overlay-color":"","overlay-opacity":"","overlay-gradient":""},"tablet":{"background-color":"","background-image":"","background-repeat":"repeat","background-position":"center center","background-size":"auto","background-attachment":"scroll","background-type":"","background-media":"","overlay-type":"","overlay-color":"","overlay-opacity":"","overlay-gradient":""},"mobile":{"background-color":"","background-image":"","background-repeat":"repeat","background-position":"center center","background-size":"auto","background-attachment":"scroll","background-type":"","background-media":"","overlay-type":"","overlay-color":"","overlay-opacity":"","overlay-gradient":""}},"ast-content-background-meta":{"desktop":{"background-color":"var(--ast-global-color-5)","background-image":"","background-repeat":"repeat","background-position":"center center","background-size":"auto","background-attachment":"scroll","background-type":"","background-media":"","overlay-type":"","overlay-color":"","overlay-opacity":"","overlay-gradient":""},"tablet":{"background-color":"var(--ast-global-color-5)","background-image":"","background-repeat":"repeat","background-position":"center center","background-size":"auto","background-attachment":"scroll","background-type":"","background-media":"","overlay-type":"","overlay-color":"","overlay-opacity":"","overlay-gradient":""},"mobile":{"background-color":"var(--ast-global-color-5)","background-image":"","background-repeat":"repeat","background-position":"center center","background-size":"auto","background-attachment":"scroll","background-type":"","background-media":"","overlay-type":"","overlay-color":"","overlay-opacity":"","overlay-gradient":""}},"footnotes":""},"class_list":["post-1706","page","type-page","status-publish","hentry"],"_links":{"self":[{"href":"https:\/\/go.dualbridgesacademy.org\/sp\/wp-json\/wp\/v2\/pages\/1706","targetHints":{"allow":["GET"]}}],"collection":[{"href":"https:\/\/go.dualbridgesacademy.org\/sp\/wp-json\/wp\/v2\/pages"}],"about":[{"href":"https:\/\/go.dualbridgesacademy.org\/sp\/wp-json\/wp\/v2\/types\/page"}],"author":[{"embeddable":true,"href":"https:\/\/go.dualbridgesacademy.org\/sp\/wp-json\/wp\/v2\/users\/1"}],"replies":[{"embeddable":true,"href":"https:\/\/go.dualbridgesacademy.org\/sp\/wp-json\/wp\/v2\/comments?post=1706"}],"version-history":[{"count":10,"href":"https:\/\/go.dualbridgesacademy.org\/sp\/wp-json\/wp\/v2\/pages\/1706\/revisions"}],"predecessor-version":[{"id":1752,"href":"https:\/\/go.dualbridgesacademy.org\/sp\/wp-json\/wp\/v2\/pages\/1706\/revisions\/1752"}],"wp:attachment":[{"href":"https:\/\/go.dualbridgesacademy.org\/sp\/wp-json\/wp\/v2\/media?parent=1706"}],"curies":[{"name":"wp","href":"https:\/\/api.w.org\/{rel}","templated":true}]}}